{"id":66,"date":"2026-01-29T22:08:40","date_gmt":"2026-01-29T21:08:40","guid":{"rendered":"https:\/\/www.neurovascular-release.de\/?page_id=66"},"modified":"2026-01-31T11:24:36","modified_gmt":"2026-01-31T10:24:36","slug":"manual-nvr-part-1-neck-upper-thorax-and-roots-of-arms-online-format","status":"publish","type":"page","link":"https:\/\/www.neurovascular-release.de\/?page_id=66","title":{"rendered":"Manual NVR\u2122 Teil 1"},"content":{"rendered":"\n<p class=\"has-large-font-size\"><strong>Neck, Upper Thorax and &#8222;Roots of Arms&#8220; &#8211; Online Format<\/strong><\/p>\n\n\n\n<div class=\"wp-block-media-text is-stacked-on-mobile\"><figure class=\"wp-block-media-text__media\"><img loading=\"lazy\" decoding=\"async\" width=\"1024\" height=\"566\" src=\"https:\/\/www.neurovascular-release.de\/wp-content\/uploads\/2026\/01\/tree-branches-veins-from-below-2-1024x566.png\" alt=\"\" class=\"wp-image-70 size-full\" srcset=\"https:\/\/www.neurovascular-release.de\/wp-content\/uploads\/2026\/01\/tree-branches-veins-from-below-2-1024x566.png 1024w, https:\/\/www.neurovascular-release.de\/wp-content\/uploads\/2026\/01\/tree-branches-veins-from-below-2-300x166.png 300w, https:\/\/www.neurovascular-release.de\/wp-content\/uploads\/2026\/01\/tree-branches-veins-from-below-2-768x424.png 768w, https:\/\/www.neurovascular-release.de\/wp-content\/uploads\/2026\/01\/tree-branches-veins-from-below-2.png 1064w\" sizes=\"auto, (max-width: 1024px) 100vw, 1024px\" \/><\/figure><div class=\"wp-block-media-text__content\">\n<p><strong>Datum:<\/strong> 1, 15, 22 April und 6, 13 Mai 2026 online 18:00-19:30 Uhr (CET)<\/p>\n\n\n\n<p><strong>Kursleitung:<\/strong> Kier Schumaker, USA<\/p>\n\n\n\n<p>Das <strong>Online Format dieses Kurses<\/strong> beinhaltet <strong>Live-Online-Gruppensitzungen und Einzelmentorings, 20 Stunden sorgf\u00e4ltig ausgew\u00e4hlter Kursaufzeichnungen<\/strong> sowie <strong>Bonuslektionen<\/strong>, die dir helfen, die Inhalte noch einmal zu wiederholen.<\/p>\n\n\n\n<p class=\"has-mdm-large-font-size\"><strong>Kosten<\/strong>: 760 USD (ca. 635 Euro)<\/p>\n\n\n\n<div class=\"wp-block-buttons is-layout-flex wp-block-buttons-is-layout-flex\">\n<div class=\"wp-block-button\"><a class=\"wp-block-button__link wp-element-button\" href=\"https:\/\/learn.neurovascular-release.online\/courses\/manual-nvr-part-1-apr-may-2026-online\">Anmeldung EN<\/a><\/div>\n<\/div>\n<\/div><\/div>\n\n\n\n<div style=\"height:24px\" aria-hidden=\"true\" class=\"wp-block-spacer\"><\/div>\n\n\n\n<p class=\"has-mdm-large-font-size\"><strong>Kursbeschreibung: Manual NVR Teil 1<\/strong><\/p>\n\n\n\n<p>In diesem Kurs tauchen wir tief in die anatomischen Strukturen von Hals, Kopf und oberer Thoraxapertur ein \u2013 einschlie\u00dflich Schulterg\u00fcrtel, Brustkorb sowie der neuronalen, vaskul\u00e4ren und viszeralen Systeme.<\/p>\n\n\n\n<p>Ein zentraler Schwerpunkt liegt auf der sanften und pr\u00e4zisen <strong>Arbeit mit dem Gef\u00e4\u00dfsystem<\/strong>. Du lernst Techniken, um unmittelbar den Tonus verspannter Muskeln zu normalisieren. Dies hilft, verk\u00fcrzte myofasziale Bahnen zu l\u00f6sen, die K\u00f6rperhaltung zu verbessern und Bewegungseinschr\u00e4nkungen zu reduzieren. Besonders bei Beschwerden wie Schleudertrauma oder Frozen Shoulder sind diese <strong>Arterientechniken <\/strong>von gro\u00dfer Bedeutung.<\/p>\n\n\n\n<p>Zus\u00e4tzlich arbeiten wir mit <strong>faszialen Einschr\u00e4nkungen der Nerven<\/strong>, unter anderem mit dem Plexus cervicalis &amp; Plexus brachialis, den Interkostalnerven, dem Nervus accessorius, Nervus vagus &amp; Nervus phrenicus und der Dura.<\/p>\n\n\n\n<p>Diese Techniken helfen, Schmerzen zu lindern und das strukturelle sowie funktionelle Gleichgewicht des K\u00f6rpers zu verbessern.<\/p>\n\n\n\n<div style=\"height:25px\" aria-hidden=\"true\" class=\"wp-block-spacer\"><\/div>\n\n\n\n<p><strong>Was du au\u00dferdem in diesem Kurs lernst:<\/strong><\/p>\n\n\n\n<p>\u2705 Mit <strong>weniger eigener k\u00f6rperlicher Anstrengung<\/strong> zu behandeln<br>\u2705 Effizientere Techniken f\u00fcr pr\u00e4zisere Ergebnisse<br>\u2705 <strong>Neue Strategien <\/strong>f\u00fcr klassische Beschwerden anzuwenden<br>\u2705 Deine Palpationsf\u00e4higkeit zu verfeinern<br>\u2705 Die Behandlungsgeschwindigkeit so anzupassen, dass der K\u00f6rper die Ver\u00e4nderungen besser integrieren kann<br>\u2705 Methoden aus der Osteopathie, wie <strong>Listening<\/strong> und<strong> Questioning <\/strong>gezielt einzusetzen<\/p>\n\n\n\n<p><strong>Ziel des Kurses:<\/strong> Mehr Bewegungsfreiheit, eine bessere strukturelle und funktionelle Balance sowie eine Regulation des Nervensystems f\u00fcr deine Patienten.<\/p>\n\n\n\n<div style=\"height:68px\" aria-hidden=\"true\" class=\"wp-block-spacer\"><\/div>\n\n\n\n<p>Mit Anmeldung zu unseren dreit\u00e4gigen Pr\u00e4senzkursen bekommst du au\u00dferdem zuk\u00fcnftige <strong>pers\u00f6nliche Betreuung<\/strong> durch Live-Zoom-Calls bei aufkommenden Fragen, die M\u00f6glichkeit zur Teilnahme am monatlichen <strong>NVR Community Seminar <\/strong>\u00fcber Zoom und Zugang zu rund <strong>20 Stunden kuratierten und in kurze Segmente aufgeteilten Videos aller Techniken.<\/strong><\/p>\n\n\n\n<div style=\"height:23px\" aria-hidden=\"true\" class=\"wp-block-spacer\"><\/div>\n\n\n\n<h4 class=\"wp-block-heading\">Buddy Rabatt<\/h4>\n\n\n\n<p><strong>Du m\u00f6chtest gemeinsam mit einer vertrauten Person NVR lernen und dabei sparen?<\/strong> Wenn du und dein*e Buddy in derselben Stadt oder maximal eine Stunde voneinander entfernt wohnt (sodass ihr euch regelm\u00e4\u00dfig f\u00fcr Sitzungen treffen k\u00f6nnt), erhaltet ihr jeweils 20\u202f% Rabatt auf folgende Kurse<\/p>\n\n\n\n<ul class=\"wp-block-list\">\n<li>Einf\u00fchrung in manuellen NVR<\/li>\n\n\n\n<li>Manueller NVR Teil 1<\/li>\n\n\n\n<li>Manueller NVR Teil 2<\/li>\n<\/ul>\n\n\n\n<p>Regelm\u00e4\u00dfiger Austausch st\u00e4rkt euren Lernprozess, beschleunigt die Integration von NVR in den Alltag und wirkt nachhaltig \u2013 auch \u00fcber die Kursdauer hinaus.<br>Lerne schneller, tiefer und mit mehr Freude, indem du eine vertraute Person mit auf die Reise nimmst!<\/p>\n\n\n\n<p><strong>Wichtig:<\/strong><br>Vor der Anmeldung m\u00fcssen sich <strong>beide <\/strong>Teilnehmer*innen bei bei uns melden \u2013schreibt uns dazu eine E-Mail an <a href=\"mailto:anmeldung@neurovascular-release.de\">anmeldung@neurovascular-release.de<\/a> .<br>Dann erhaltet ihr jeweils 20\u202f% Rabatt auf den Kurspreis.<\/p>\n\n\n\n<p><\/p>\n","protected":false},"excerpt":{"rendered":"<p>Neck, Upper Thorax and &#8222;Roots of Arms&#8220; &#8211; Online Format Kursbeschreibung: Manual NVR Teil 1 In diesem Kurs tauchen wir tief in die anatomischen Strukturen von Hals, Kopf und oberer Thoraxapertur ein \u2013 einschlie\u00dflich Schulterg\u00fcrtel, Brustkorb sowie der neuronalen, vaskul\u00e4ren und viszeralen Systeme. Ein zentraler Schwerpunkt liegt auf der sanften und pr\u00e4zisen Arbeit mit dem [&hellip;]<\/p>\n","protected":false},"author":1,"featured_media":0,"parent":0,"menu_order":2,"comment_status":"closed","ping_status":"closed","template":"","meta":{"footnotes":""},"class_list":["post-66","page","type-page","status-publish","hentry"],"_links":{"self":[{"href":"https:\/\/www.neurovascular-release.de\/index.php?rest_route=\/wp\/v2\/pages\/66","targetHints":{"allow":["GET"]}}],"collection":[{"href":"https:\/\/www.neurovascular-release.de\/index.php?rest_route=\/wp\/v2\/pages"}],"about":[{"href":"https:\/\/www.neurovascular-release.de\/index.php?rest_route=\/wp\/v2\/types\/page"}],"author":[{"embeddable":true,"href":"https:\/\/www.neurovascular-release.de\/index.php?rest_route=\/wp\/v2\/users\/1"}],"replies":[{"embeddable":true,"href":"https:\/\/www.neurovascular-release.de\/index.php?rest_route=%2Fwp%2Fv2%2Fcomments&post=66"}],"version-history":[{"count":14,"href":"https:\/\/www.neurovascular-release.de\/index.php?rest_route=\/wp\/v2\/pages\/66\/revisions"}],"predecessor-version":[{"id":143,"href":"https:\/\/www.neurovascular-release.de\/index.php?rest_route=\/wp\/v2\/pages\/66\/revisions\/143"}],"wp:attachment":[{"href":"https:\/\/www.neurovascular-release.de\/index.php?rest_route=%2Fwp%2Fv2%2Fmedia&parent=66"}],"curies":[{"name":"wp","href":"https:\/\/api.w.org\/{rel}","templated":true}]}}