{"id":2,"date":"2026-01-19T14:12:16","date_gmt":"2026-01-19T12:12:16","guid":{"rendered":"\/?page_id=2"},"modified":"2026-02-18T19:03:17","modified_gmt":"2026-02-18T18:03:17","slug":"beispiel-seite","status":"publish","type":"page","link":"https:\/\/www.neurovascular-release.de\/?page_id=2","title":{"rendered":"\u00dcber uns"},"content":{"rendered":"\n<p class=\"has-large-font-size\"><strong>NVR &#8211; Kier Schumaker<\/strong> <strong>&#8211; Kursformat und Vorteile<\/strong><\/p>\n\n\n\n<div style=\"height:24px\" aria-hidden=\"true\" class=\"wp-block-spacer\"><\/div>\n\n\n\n<div class=\"wp-block-media-text is-stacked-on-mobile is-vertically-aligned-top\" style=\"grid-template-columns:45% auto\"><figure class=\"wp-block-media-text__media\"><img loading=\"lazy\" decoding=\"async\" width=\"909\" height=\"1024\" src=\"https:\/\/www.neurovascular-release.de\/wp-content\/uploads\/2026\/01\/1000111435-002-1-909x1024.jpg\" alt=\"\" class=\"wp-image-79 size-full\" srcset=\"https:\/\/www.neurovascular-release.de\/wp-content\/uploads\/2026\/01\/1000111435-002-1-909x1024.jpg 909w, https:\/\/www.neurovascular-release.de\/wp-content\/uploads\/2026\/01\/1000111435-002-1-266x300.jpg 266w, https:\/\/www.neurovascular-release.de\/wp-content\/uploads\/2026\/01\/1000111435-002-1-768x865.jpg 768w, https:\/\/www.neurovascular-release.de\/wp-content\/uploads\/2026\/01\/1000111435-002-1.jpg 1175w\" sizes=\"auto, (max-width: 909px) 100vw, 909px\" \/><\/figure><div class=\"wp-block-media-text__content\">\n<div class=\"wp-block-group has-global-padding is-content-justification-left is-layout-constrained wp-container-core-group-is-layout-12dd3699 wp-block-group-is-layout-constrained\">\n<div style=\"height:24px\" aria-hidden=\"true\" class=\"wp-block-spacer\"><\/div>\n\n\n\n<h4 class=\"wp-block-heading\"><strong>Was ist NVR<sup>TM<\/sup> ?<\/strong><\/h4>\n\n\n\n<p><strong>Neurovascular Release (NVR)<\/strong> ist ein innovatives manualtherapeutisches Konzept aus den USA, das darauf abzielt, <mark style=\"background-color:rgba(0, 0, 0, 0)\" class=\"has-inline-color has-accent-3-color\"><strong>Spannungen im neurovaskul\u00e4ren Netzwerk des K\u00f6rpers \u2013 also in Nerven und begleitenden Gef\u00e4\u00dfen \u2013 sanft zu l\u00f6sen<\/strong>.<\/mark><\/p>\n\n\n\n<p>Durch das gezielte Befreien dieser Strukturen von faszialen Restriktionen k\u00f6nnen muskul\u00e4re Schutzspannungen reduziert, die <mark style=\"background-color:rgba(0, 0, 0, 0)\" class=\"has-inline-color has-accent-3-color\"><strong>Bewegungsfreiheit gesteigert und Schmerzen verringert<\/strong> <\/mark>werden. Die Methode verbindet Elemente aus <strong>Structural Integration (Rolfing), Osteopathie<\/strong>, sodass sowohl <strong>Therapeut:innen als auch Patient:innen<\/strong> Ver\u00e4nderungen unmittelbar sp\u00fcren k\u00f6nnen.<\/p>\n\n\n\n<p>Im Mittelpunkt stehen dabei <strong>pr\u00e4zise, sanfte Ber\u00fchrungen und Strategien<\/strong>, die helfen, die <strong>neurovaskul\u00e4ren Bahnen von st\u00f6renden Spannungsmustern zu befreien<\/strong>, was zu einer verbesserten <strong>Propriozeption, Mobilit\u00e4t und funktionellen Balance<\/strong> f\u00fchrt. Dabei kommen auch osteopathische Techniken wie <strong>Listening<\/strong> und <strong>Questioning<\/strong> zum Einsatz, um das Gewebe genau wahrzunehmen und individuell auf die Bed\u00fcrfnisse des K\u00f6rpers einzugehen.<\/p>\n<\/div>\n<\/div><\/div>\n\n\n\n<div style=\"height:25px\" aria-hidden=\"true\" class=\"wp-block-spacer\"><\/div>\n\n\n\n<figure class=\"wp-block-embed is-type-video is-provider-youtube wp-block-embed-youtube wp-embed-aspect-4-3 wp-has-aspect-ratio\"><div class=\"wp-block-embed__wrapper\">\n<iframe loading=\"lazy\" hcb-fetch-image-from=\"https:\/\/www.youtube.com\/watch?v=lXdIDbMjIUE&amp;t=140s\" title=\"Neurovascular Release with Kieran Schumaker for Hellerwork Newsletter\" width=\"500\" height=\"375\" src=\"https:\/\/www.youtube.com\/embed\/lXdIDbMjIUE?start=140&#038;feature=oembed\" frameborder=\"0\" allow=\"accelerometer; autoplay; clipboard-write; encrypted-media; gyroscope; picture-in-picture; web-share\" referrerpolicy=\"strict-origin-when-cross-origin\" allowfullscreen><\/iframe>\n<\/div><\/figure>\n\n\n\n<p>Im Video spricht Kier \u00fcber die Entwicklung von NVR, die Hintergr\u00fcnde des gezielten L\u00f6sens von Arterien und Nerven,  die Bedeutung von Interozeption f\u00fcr die Selbstwahrnehmung und erl\u00e4utert, wie die traumasensible Arbeit mit NVR k\u00f6rperliche Regulationsprozesse unterst\u00fctzt und nachhaltige Heilungsr\u00e4ume er\u00f6ffnet.<\/p>\n\n\n\n<p>Direkt unter dem Video (auf dem Handy oberhalb) kannst du die Untertitel einschalten und in den Einstellungen rechts daneben auf Deutsch wechseln.<\/p>\n\n\n\n<div style=\"height:24px\" aria-hidden=\"true\" class=\"wp-block-spacer\"><\/div>\n\n\n\n<div class=\"wp-block-media-text has-media-on-the-right is-stacked-on-mobile is-vertically-aligned-center\"><div class=\"wp-block-media-text__content\">\n<h4 class=\"wp-block-heading\"><strong>Kier Schumaker \u2013 Lehrende:r und Entwickler:in hinter NVR<\/strong><\/h4>\n\n\n\n<p><strong>Kier Schumaker <\/strong>ist eine international anerkannte Pers\u00f6nlichkeit im Bereich manueller Therapie, <strong>Board Certified Structural Integrator<\/strong> <strong>(Rolfer:in)<\/strong> und<mark style=\"background-color:rgba(0, 0, 0, 0)\" class=\"has-inline-color has-contrast-color\"> Leiter:in der<\/mark><mark style=\"background-color:rgba(0, 0, 0, 0)\" class=\"has-inline-color has-accent-3-color\"> <strong>Academy for Neurovascular Release<\/strong>.<\/mark><\/p>\n\n\n\n<p class=\"has-text-align-left\">Kier begann ihre berufliche Laufbahn 1998 mit der Massagepraxis und absolvierte 2005 die Ausbildung zur Structural Integrator:in (ATSI). Durch Weiterbildungen in <strong>Osteopathie, viszeralen und neuralen Techniken<\/strong> entwickelte Kier das Neurovascular-Release-Curriculum, das heute weltweit in Fortbildungen gelehrt wird.<\/p>\n\n\n\n<p>Heute bietet Kieran Schumaker <strong>fortgeschrittene Trainings und Workshops<\/strong> \u2013 sowohl <strong>in Pr\u00e4senz als auch online<\/strong> \u2013 f\u00fcr eine breite Zielgruppe von <strong>manualtherapeutischen Fachkr\u00e4ften, Physiotherapeut:innen, Osteopath:innen, strukturellen Integrator:innen und Bewegungsp\u00e4dagog:innen<\/strong> an. Dabei geht es nicht nur um technisches K\u00f6nnen, sondern auch um ein tieferes Verst\u00e4ndnis von <strong>Struktur, Funktion und neurovaskul\u00e4rer Dynamik im menschlichen K\u00f6rper<\/strong>.<\/p>\n\n\n\n<div style=\"height:24px\" aria-hidden=\"true\" class=\"wp-block-spacer\"><\/div>\n\n\n\n<div class=\"wp-block-buttons is-layout-flex wp-block-buttons-is-layout-flex\">\n<div class=\"wp-block-button\"><a class=\"wp-block-button__link wp-element-button\" href=\"https:\/\/learn.neurovascular-release.online\/\">Kiers Homepage<\/a><\/div>\n\n\n\n<div class=\"wp-block-button\"><a class=\"wp-block-button__link wp-element-button\" href=\"https:\/\/learn.neurovascular-release.online\/pages\/nvr-curriculum-overview\">Curriculum<\/a><\/div>\n<\/div>\n<\/div><figure class=\"wp-block-media-text__media\"><img loading=\"lazy\" decoding=\"async\" width=\"1024\" height=\"998\" src=\"https:\/\/www.neurovascular-release.de\/wp-content\/uploads\/2026\/01\/Kier-Headshot-for-2023-1536x1497-1-1024x998.jpeg\" alt=\"\" class=\"wp-image-80 size-full\" srcset=\"https:\/\/www.neurovascular-release.de\/wp-content\/uploads\/2026\/01\/Kier-Headshot-for-2023-1536x1497-1-1024x998.jpeg 1024w, https:\/\/www.neurovascular-release.de\/wp-content\/uploads\/2026\/01\/Kier-Headshot-for-2023-1536x1497-1-300x292.jpeg 300w, https:\/\/www.neurovascular-release.de\/wp-content\/uploads\/2026\/01\/Kier-Headshot-for-2023-1536x1497-1-768x749.jpeg 768w, https:\/\/www.neurovascular-release.de\/wp-content\/uploads\/2026\/01\/Kier-Headshot-for-2023-1536x1497-1.jpeg 1536w\" sizes=\"auto, (max-width: 1024px) 100vw, 1024px\" \/><\/figure><\/div>\n\n\n\n<div style=\"height:70px\" aria-hidden=\"true\" class=\"wp-block-spacer\"><\/div>\n\n\n\n<div class=\"wp-block-media-text is-stacked-on-mobile is-vertically-aligned-center\"><figure class=\"wp-block-media-text__media\"><img loading=\"lazy\" decoding=\"async\" width=\"728\" height=\"410\" src=\"http:\/\/www.neurovascular-release.de\/wp-content\/uploads\/2026\/01\/Kier-teaching-about-spinal-bends.png\" alt=\"\" class=\"wp-image-93 size-full\" srcset=\"https:\/\/www.neurovascular-release.de\/wp-content\/uploads\/2026\/01\/Kier-teaching-about-spinal-bends.png 728w, https:\/\/www.neurovascular-release.de\/wp-content\/uploads\/2026\/01\/Kier-teaching-about-spinal-bends-300x169.png 300w\" sizes=\"auto, (max-width: 728px) 100vw, 728px\" \/><\/figure><div class=\"wp-block-media-text__content\">\n<h4 class=\"wp-block-heading\"><strong>Kursformat und Vorteile<\/strong><\/h4>\n\n\n\n<p>Unsere Neurovascular Release-Kurse sind so gestaltet, dass du <strong>pers\u00f6nlich betreut wirst und dich rundum wohlf\u00fchlen kannst<\/strong>. Wir arbeiten in <mark style=\"background-color:rgba(0, 0, 0, 0)\" class=\"has-inline-color has-accent-3-color\"><strong><em>kleinen Gruppen mit max. 8 &#8211; 12 Teilnehmenden<\/em><\/strong>,<\/mark> damit jede:r genug Aufmerksamkeit bekommt und du <strong>direktes Feedback und praktische Anleitung<\/strong> erh\u00e4ltst. In den Kursen erwarten dich <strong>Live-Demonstrationen, praktische \u00dcbungen und gef\u00fchrte Praxis<\/strong>, sodass du die Techniken sofort ausprobieren und verinnerlichen kannst.<\/p>\n\n\n\n<p>Die Kurse werden in <em><mark style=\"background-color:rgba(0, 0, 0, 0)\" class=\"has-inline-color has-accent-3-color\"><strong>Englisch<\/strong> <\/mark><\/em>unterrichtet, <strong><em><mark style=\"background-color:rgba(0, 0, 0, 0)\" class=\"has-inline-color has-accent-3-color\">mit deutschsprachiger Assistenz<\/mark><\/em><\/strong>, damit du allen Inhalten problemlos folgen kannst.<\/p>\n<\/div><\/div>\n\n\n\n<div style=\"height:24px\" aria-hidden=\"true\" class=\"wp-block-spacer\"><\/div>\n\n\n\n<p class=\"has-mdm-large-font-size\"><strong>Zus\u00e4tzlich erh\u00e4ltst du:<\/strong><\/p>\n\n\n\n<ul class=\"wp-block-list\">\n<li>Ein <strong>Handbuch in Deutsch und Englisch<\/strong>, das alle Techniken \u00fcbersichtlich erkl\u00e4rt<\/li>\n\n\n\n<li><mark style=\"background-color:rgba(0, 0, 0, 0)\" class=\"has-inline-color has-accent-3-color\"><em><strong>Zugang zu kurzen Videos<\/strong> <strong>aller Techniken<\/strong><\/em><\/mark>, in kurze, leicht verst\u00e4ndliche Abschnitte unterteilt, damit du jederzeit nachschauen und \u00fcben kannst<\/li>\n\n\n\n<li>Teilnahme an <strong><mark style=\"background-color:rgba(0, 0, 0, 0)\" class=\"has-inline-color has-accent-3-color\"><em>monatlichen Community-Seminaren<\/em><\/mark><\/strong>, um dich auszutauschen und von und mit anderen zu lernen<\/li>\n\n\n\n<li><strong>Die M\u00f6glichkeit zu <em><mark style=\"background-color:rgba(0, 0, 0, 0)\" class=\"has-inline-color has-accent-3-color\">kostenlosen kurzen Zoom-Calls<\/mark><\/em> mit Kie<\/strong>r, um Fragen zu kl\u00e4ren und direktes Feedback zu erhalten<\/li>\n<\/ul>\n\n\n\n<div style=\"height:24px\" aria-hidden=\"true\" class=\"wp-block-spacer\"><\/div>\n\n\n\n<p class=\"has-mdm-large-font-size\"><strong>Deine Vorteile auf einen Blick:<\/strong><\/p>\n\n\n\n<ul class=\"wp-block-list\">\n<li><strong>Individuelles Mentoring<\/strong> und pers\u00f6nliche Betreuung in kleinen Gruppen<\/li>\n\n\n\n<li><strong>Praktische Techniken<\/strong>, die du sofort in deiner Arbeit anwenden kannst<\/li>\n\n\n\n<li><strong>Strukturierter Ablauf<\/strong>, damit du die Methoden sicher erlernst<\/li>\n\n\n\n<li><strong>Unterst\u00fctzende Anleitung<\/strong>, um ein tiefes Verst\u00e4ndnis f\u00fcr Nerven, Gef\u00e4\u00dfe und Bewegung zu entwickeln<\/li>\n\n\n\n<li><strong>Zus\u00e4tzliche Lernressourcen und Community-Zugang<\/strong>, um dich auch nach dem Kurs weiterzuentwickeln<\/li>\n<\/ul>\n\n\n\n<div style=\"height:28px\" aria-hidden=\"true\" class=\"wp-block-spacer\"><\/div>\n\n\n\n<p class=\"has-medium-font-size\"><mark style=\"background-color:#F8F8F8\" class=\"has-inline-color has-contrast-color\">Egal, ob du Osteopathen*innen, Manualtherapeu*in, Physiotherapeut*in, Heilpraktiker*in, Rolfer*in bist \u2013 unsere Kurse bieten dir <strong>praxisnahes Lernen, kompetente Anleitung und alle Werkzeuge, <\/strong>die deine Arbeit bereichern.<\/mark><\/p>\n\n\n\n<div class=\"wp-block-buttons is-content-justification-center is-layout-flex wp-container-core-buttons-is-layout-a89b3969 wp-block-buttons-is-layout-flex\">\n<div class=\"wp-block-button\"><a class=\"wp-block-button__link wp-element-button\" href=\"https:\/\/www.neurovascular-release.de\/\">Anmeldung<\/a><\/div>\n<\/div>\n\n\n\n<p><\/p>\n","protected":false},"excerpt":{"rendered":"<p>NVR &#8211; Kier Schumaker &#8211; Kursformat und Vorteile Im Video spricht Kier \u00fcber die Entwicklung von NVR, die Hintergr\u00fcnde des gezielten L\u00f6sens von Arterien und Nerven, die Bedeutung von Interozeption f\u00fcr die Selbstwahrnehmung und erl\u00e4utert, wie die traumasensible Arbeit mit NVR k\u00f6rperliche Regulationsprozesse unterst\u00fctzt und nachhaltige Heilungsr\u00e4ume er\u00f6ffnet. Direkt unter dem Video (auf dem Handy [&hellip;]<\/p>\n","protected":false},"author":1,"featured_media":0,"parent":0,"menu_order":1,"comment_status":"closed","ping_status":"closed","template":"","meta":{"footnotes":""},"class_list":["post-2","page","type-page","status-publish","hentry"],"_links":{"self":[{"href":"https:\/\/www.neurovascular-release.de\/index.php?rest_route=\/wp\/v2\/pages\/2","targetHints":{"allow":["GET"]}}],"collection":[{"href":"https:\/\/www.neurovascular-release.de\/index.php?rest_route=\/wp\/v2\/pages"}],"about":[{"href":"https:\/\/www.neurovascular-release.de\/index.php?rest_route=\/wp\/v2\/types\/page"}],"author":[{"embeddable":true,"href":"https:\/\/www.neurovascular-release.de\/index.php?rest_route=\/wp\/v2\/users\/1"}],"replies":[{"embeddable":true,"href":"https:\/\/www.neurovascular-release.de\/index.php?rest_route=%2Fwp%2Fv2%2Fcomments&post=2"}],"version-history":[{"count":29,"href":"https:\/\/www.neurovascular-release.de\/index.php?rest_route=\/wp\/v2\/pages\/2\/revisions"}],"predecessor-version":[{"id":214,"href":"https:\/\/www.neurovascular-release.de\/index.php?rest_route=\/wp\/v2\/pages\/2\/revisions\/214"}],"wp:attachment":[{"href":"https:\/\/www.neurovascular-release.de\/index.php?rest_route=%2Fwp%2Fv2%2Fmedia&parent=2"}],"curies":[{"name":"wp","href":"https:\/\/api.w.org\/{rel}","templated":true}]}}